{"id":464,"date":"2019-01-18T09:44:33","date_gmt":"2019-01-18T09:44:33","guid":{"rendered":"https:\/\/trollveggen.com\/?page_id=464"},"modified":"2019-01-18T10:05:50","modified_gmt":"2019-01-18T10:05:50","slug":"kontakt","status":"publish","type":"page","link":"https:\/\/trollveggen.com\/de\/kontakt\/","title":{"rendered":"Kontakt"},"content":{"rendered":"<p><strong>Kontaktdetails<\/strong><br \/>\nTelefon: <a href=\"tel:+4740092002\">+47 4009 2002<\/a><br \/>\nE-post: <a href=\"mailto:post@trollveggen.com\">post@trollveggen.com<\/a><\/p>\n<p><u><a href=\"http:\/\/m.me\/trollveggencamping\">Starten Sie einen Facebook Messenger Chat mit uns<\/a><\/u><\/p>\n<p><strong>Adresse<\/strong><br \/>\nTrollveggen Camping AS<br \/>\nRomsdalsvegen 9241<br \/>\n6300 \u00c5ndalsnes<br \/>\nNorwegen<\/p>\n<p><u><a href=\"https:\/\/goo.gl\/maps\/yESLFYxAHeD2\">Finden Sie uns auf der Karte<\/a><\/u><\/p>\n<p><strong>Org.nr.<br \/>\n<\/strong>960 935 926<\/p>\n<p><strong>GPS-Koordinaten<\/strong><br \/>\n62.496309, 7.762996<\/p>\n<script type=\"text\/javascript\">\n\/* <![CDATA[ *\/\nvar gform;gform||(document.addEventListener(\"gform_main_scripts_loaded\",function(){gform.scriptsLoaded=!0}),document.addEventListener(\"gform\/theme\/scripts_loaded\",function(){gform.themeScriptsLoaded=!0}),window.addEventListener(\"DOMContentLoaded\",function(){gform.domLoaded=!0}),gform={domLoaded:!1,scriptsLoaded:!1,themeScriptsLoaded:!1,isFormEditor:()=>\"function\"==typeof InitializeEditor,callIfLoaded:function(o){return!(!gform.domLoaded||!gform.scriptsLoaded||!gform.themeScriptsLoaded&&!gform.isFormEditor()||(gform.isFormEditor()&&console.warn(\"The use of gform.initializeOnLoaded() is deprecated in the form editor context and will be removed in Gravity Forms 3.1.\"),o(),0))},initializeOnLoaded:function(o){gform.callIfLoaded(o)||(document.addEventListener(\"gform_main_scripts_loaded\",()=>{gform.scriptsLoaded=!0,gform.callIfLoaded(o)}),document.addEventListener(\"gform\/theme\/scripts_loaded\",()=>{gform.themeScriptsLoaded=!0,gform.callIfLoaded(o)}),window.addEventListener(\"DOMContentLoaded\",()=>{gform.domLoaded=!0,gform.callIfLoaded(o)}))},hooks:{action:{},filter:{}},addAction:function(o,r,e,t){gform.addHook(\"action\",o,r,e,t)},addFilter:function(o,r,e,t){gform.addHook(\"filter\",o,r,e,t)},doAction:function(o){gform.doHook(\"action\",o,arguments)},applyFilters:function(o){return gform.doHook(\"filter\",o,arguments)},removeAction:function(o,r){gform.removeHook(\"action\",o,r)},removeFilter:function(o,r,e){gform.removeHook(\"filter\",o,r,e)},addHook:function(o,r,e,t,n){null==gform.hooks[o][r]&&(gform.hooks[o][r]=[]);var d=gform.hooks[o][r];null==n&&(n=r+\"_\"+d.length),gform.hooks[o][r].push({tag:n,callable:e,priority:t=null==t?10:t})},doHook:function(r,o,e){var t;if(e=Array.prototype.slice.call(e,1),null!=gform.hooks[r][o]&&((o=gform.hooks[r][o]).sort(function(o,r){return o.priority-r.priority}),o.forEach(function(o){\"function\"!=typeof(t=o.callable)&&(t=window[t]),\"action\"==r?t.apply(null,e):e[0]=t.apply(null,e)})),\"filter\"==r)return e[0]},removeHook:function(o,r,t,n){var e;null!=gform.hooks[o][r]&&(e=(e=gform.hooks[o][r]).filter(function(o,r,e){return!!(null!=n&&n!=o.tag||null!=t&&t!=o.priority)}),gform.hooks[o][r]=e)}});\n\/* ]]> *\/\n<\/script>\n\n                <div class='gf_browser_gecko gform_wrapper gform_legacy_markup_wrapper gform-theme--no-framework' data-form-theme='legacy' data-form-index='0' id='gform_wrapper_1' ><form method='post' enctype='multipart\/form-data'  id='gform_1'  action='\/de\/wp-json\/wp\/v2\/pages\/464' data-formid='1' novalidate>\n                        <div class='gform-body gform_body'><ul id='gform_fields_1' class='gform_fields top_label form_sublabel_below description_below validation_below'><li id=\"field_1_1\" class=\"gfield gfield--type-text gfield_contains_required field_sublabel_below gfield--no-description field_description_below field_validation_below gfield_visibility_visible\"  ><label class='gfield_label gform-field-label' for='input_1_1'>Vorname<span class=\"gfield_required\"><span class=\"gfield_required gfield_required_asterisk\">*<\/span><\/span><\/label><div class='ginput_container ginput_container_text'><input name='input_1' id='input_1_1' type='text' value='' class='medium'     aria-required=\"true\" aria-invalid=\"false\"   \/><\/div><\/li><li id=\"field_1_11\" class=\"gfield gfield--type-text gfield_contains_required field_sublabel_below gfield--no-description field_description_below field_validation_below gfield_visibility_visible\"  ><label class='gfield_label gform-field-label' for='input_1_11'>Nachname<span class=\"gfield_required\"><span class=\"gfield_required gfield_required_asterisk\">*<\/span><\/span><\/label><div class='ginput_container ginput_container_text'><input name='input_11' id='input_1_11' type='text' value='' class='medium'     aria-required=\"true\" aria-invalid=\"false\"   \/><\/div><\/li><li id=\"field_1_9\" class=\"gfield gfield--type-text field_sublabel_below gfield--no-description field_description_below field_validation_below gfield_visibility_visible\"  ><label class='gfield_label gform-field-label' for='input_1_9'>Adresse<\/label><div class='ginput_container ginput_container_text'><input name='input_9' id='input_1_9' type='text' value='' class='medium'      aria-invalid=\"false\"   \/><\/div><\/li><li id=\"field_1_7\" class=\"gfield gfield--type-text gfield_contains_required field_sublabel_below gfield--no-description field_description_below field_validation_below gfield_visibility_visible\"  ><label class='gfield_label gform-field-label' for='input_1_7'>Postleitzahl und Ort<span class=\"gfield_required\"><span class=\"gfield_required gfield_required_asterisk\">*<\/span><\/span><\/label><div class='ginput_container ginput_container_text'><input name='input_7' id='input_1_7' type='text' value='' class='medium'     aria-required=\"true\" aria-invalid=\"false\"   \/><\/div><\/li><li id=\"field_1_3\" class=\"gfield gfield--type-text gfield_contains_required field_sublabel_below gfield--no-description field_description_below field_validation_below gfield_visibility_visible\"  ><label class='gfield_label gform-field-label' for='input_1_3'>Mobilfunknumer<span class=\"gfield_required\"><span class=\"gfield_required gfield_required_asterisk\">*<\/span><\/span><\/label><div class='ginput_container ginput_container_text'><input name='input_3' id='input_1_3' type='text' value='' class='medium'     aria-required=\"true\" aria-invalid=\"false\"   \/><\/div><\/li><li id=\"field_1_4\" class=\"gfield gfield--type-email gfield_contains_required field_sublabel_below gfield--no-description field_description_below field_validation_below gfield_visibility_visible\"  ><label class='gfield_label gform-field-label' for='input_1_4'>E-Mail<span class=\"gfield_required\"><span class=\"gfield_required gfield_required_asterisk\">*<\/span><\/span><\/label><div class='ginput_container ginput_container_email'>\n                            <input name='input_4' id='input_1_4' type='email' value='' class='medium'    aria-required=\"true\" aria-invalid=\"false\"  \/>\n                        <\/div><\/li><li id=\"field_1_8\" class=\"gfield gfield--type-textarea field_sublabel_below gfield--no-description field_description_below field_validation_below gfield_visibility_visible\"  ><label class='gfield_label gform-field-label' for='input_1_8'>Frage\/Nachricht<\/label><div class='ginput_container ginput_container_textarea'><textarea name='input_8' id='input_1_8' class='textarea medium'      aria-invalid=\"false\"   rows='10' cols='50'><\/textarea><\/div><\/li><\/ul><\/div>\n        <div class='gform-footer gform_footer top_label'> <input type='submit' id='gform_submit_button_1' class='gform_button button' onclick='gform.submission.handleButtonClick(this);' data-submission-type='submit' value='Nachricht sendenl   '  \/> \n            <input type='hidden' class='gform_hidden' name='gform_submission_method' data-js='gform_submission_method_1' value='postback' \/>\n            <input type='hidden' class='gform_hidden' name='gform_theme' data-js='gform_theme_1' id='gform_theme_1' value='legacy' \/>\n            <input type='hidden' class='gform_hidden' name='gform_style_settings' data-js='gform_style_settings_1' id='gform_style_settings_1' value='[]' \/>\n            <input type='hidden' class='gform_hidden' name='is_submit_1' value='1' \/>\n            <input type='hidden' class='gform_hidden' name='gform_submit' value='1' \/>\n            \n            <input type='hidden' class='gform_hidden' name='gform_currency' data-currency='NOK' value='upHdc0VD7mKZuzQayI28eOIiV0fEbIa1blw2jSotJQIFwKb6qrhE9PfRblQDA8k4zEzC7vxrGzg2qTwUbo+RJUsGZdXv3E2aCcqGP8RGiI70jE4=' \/>\n            <input type='hidden' class='gform_hidden' name='gform_unique_id' value='' \/>\n            <input type='hidden' class='gform_hidden' name='state_1' value='WyJbXSIsImZlMGUyZjQzYWVmNWUxYTg4NDBlMTVmMjJjYTFmNzBhIl0=' \/>\n            <input type='hidden' autocomplete='off' class='gform_hidden' name='gform_target_page_number_1' id='gform_target_page_number_1' value='0' \/>\n            <input type='hidden' autocomplete='off' class='gform_hidden' name='gform_source_page_number_1' id='gform_source_page_number_1' value='1' \/>\n            <input type='hidden' name='gform_field_values' value='' \/>\n            \n        <\/div>\n                        <p style=\"display: none !important;\" class=\"akismet-fields-container\" data-prefix=\"ak_\"><label>&#916;<textarea name=\"ak_hp_textarea\" cols=\"45\" rows=\"8\" maxlength=\"100\"><\/textarea><\/label><input type=\"hidden\" id=\"ak_js_1\" name=\"ak_js\" value=\"215\"\/><script>document.getElementById( \"ak_js_1\" ).setAttribute( \"value\", ( new Date() ).getTime() );<\/script><\/p><\/form>\n                        <\/div><script type=\"text\/javascript\">\n\/* <![CDATA[ *\/\n gform.initializeOnLoaded( function() {gformInitSpinner( 1, 'https:\/\/trollveggen.com\/wp-content\/plugins\/gravityforms\/images\/spinner.svg', true );jQuery('#gform_ajax_frame_1').on('load',function(){var contents = jQuery(this).contents().find('*').html();var is_postback = contents.indexOf('GF_AJAX_POSTBACK') >= 0;if(!is_postback){return;}var form_content = jQuery(this).contents().find('#gform_wrapper_1');var is_confirmation = jQuery(this).contents().find('#gform_confirmation_wrapper_1').length > 0;var is_redirect = contents.indexOf('gformRedirect(){') >= 0;var is_form = form_content.length > 0 && ! is_redirect && ! is_confirmation;var mt = parseInt(jQuery('html').css('margin-top'), 10) + parseInt(jQuery('body').css('margin-top'), 10) + 100;if(is_form){jQuery('#gform_wrapper_1').html(form_content.html());if(form_content.hasClass('gform_validation_error')){jQuery('#gform_wrapper_1').addClass('gform_validation_error');} else {jQuery('#gform_wrapper_1').removeClass('gform_validation_error');}setTimeout( function() { \/* delay the scroll by 50 milliseconds to fix a bug in chrome *\/  }, 50 );if(window['gformInitDatepicker']) {gformInitDatepicker();}if(window['gformInitPriceFields']) {gformInitPriceFields();}var current_page = jQuery('#gform_source_page_number_1').val();gformInitSpinner( 1, 'https:\/\/trollveggen.com\/wp-content\/plugins\/gravityforms\/images\/spinner.svg', true );jQuery(document).trigger('gform_page_loaded', [1, current_page]);window['gf_submitting_1'] = false;}else if(!is_redirect){var confirmation_content = jQuery(this).contents().find('.GF_AJAX_POSTBACK').html();if(!confirmation_content){confirmation_content = contents;}jQuery('#gform_wrapper_1').replaceWith(confirmation_content);jQuery(document).trigger('gform_confirmation_loaded', [1]);window['gf_submitting_1'] = false;wp.a11y.speak(jQuery('#gform_confirmation_message_1').text());}else{jQuery('#gform_1').append(contents);if(window['gformRedirect']) {gformRedirect();}}jQuery(document).trigger(\"gform_pre_post_render\", [{ formId: \"1\", currentPage: \"current_page\", abort: function() { this.preventDefault(); } }]);        if (event && event.defaultPrevented) {                return;        }        const gformWrapperDiv = document.getElementById( \"gform_wrapper_1\" );        if ( gformWrapperDiv ) {            const visibilitySpan = document.createElement( \"span\" );            visibilitySpan.id = \"gform_visibility_test_1\";            gformWrapperDiv.insertAdjacentElement( \"afterend\", visibilitySpan );        }        const visibilityTestDiv = document.getElementById( \"gform_visibility_test_1\" );        let postRenderFired = false;        function triggerPostRender() {            if ( postRenderFired ) {                return;            }            postRenderFired = true;            gform.core.triggerPostRenderEvents( 1, current_page );            if ( visibilityTestDiv ) {                visibilityTestDiv.parentNode.removeChild( visibilityTestDiv );            }        }        function debounce( func, wait, immediate ) {            var timeout;            return function() {                var context = this, args = arguments;                var later = function() {                    timeout = null;                    if ( !immediate ) func.apply( context, args );                };                var callNow = immediate && !timeout;                clearTimeout( timeout );                timeout = setTimeout( later, wait );                if ( callNow ) func.apply( context, args );            };        }        const debouncedTriggerPostRender = debounce( function() {            triggerPostRender();        }, 200 );        if ( visibilityTestDiv && visibilityTestDiv.offsetParent === null ) {            const observer = new MutationObserver( ( mutations ) => {                mutations.forEach( ( mutation ) => {                    if ( mutation.type === 'attributes' && visibilityTestDiv.offsetParent !== null ) {                        debouncedTriggerPostRender();                        observer.disconnect();                    }                });            });            observer.observe( document.body, {                attributes: true,                childList: false,                subtree: true,                attributeFilter: [ 'style', 'class' ],            });        } else {            triggerPostRender();        }    } );} ); \n\/* ]]> *\/\n<\/script>\n\n","protected":false},"excerpt":{"rendered":"<p>Kontaktdetails Telefon: +47 4009 2002 E-post: post@trollveggen.com Starten Sie einen Facebook Messenger Chat mit uns Adresse Trollveggen Camping AS Romsdalsvegen 9241 6300 \u00c5ndalsnes Norwegen Finden Sie uns auf der Karte Org.nr. 960 935 926 GPS-Koordinaten 62.496309, 7.762996<\/p>\n","protected":false},"author":5,"featured_media":463,"parent":0,"menu_order":0,"comment_status":"closed","ping_status":"closed","template":"","meta":{"_acf_changed":false,"footnotes":""},"class_list":["post-464","page","type-page","status-publish","has-post-thumbnail","hentry"],"acf":[],"yoast_head":"<!-- This site is optimized with the Yoast SEO plugin v27.4 - https:\/\/yoast.com\/product\/yoast-seo-wordpress\/ -->\n<title>Kontakt - Trollveggen Camping<\/title>\n<meta name=\"description\" content=\"Kontaktieren Sie uns auf Trollveggen Camping, \u00c5ndalsnes, Norwegen. Telefon: +47 4009 2002. E-post: post@trollveggen.com. www.trollveggen.com.\" \/>\n<meta name=\"robots\" content=\"index, follow, max-snippet:-1, max-image-preview:large, max-video-preview:-1\" \/>\n<link rel=\"canonical\" href=\"https:\/\/trollveggen.com\/de\/kontakt\/\" \/>\n<meta property=\"og:locale\" content=\"de_DE\" \/>\n<meta property=\"og:type\" content=\"article\" \/>\n<meta property=\"og:title\" content=\"Kontakt - Trollveggen Camping\" \/>\n<meta property=\"og:description\" content=\"Kontaktieren Sie uns auf Trollveggen Camping, \u00c5ndalsnes, Norwegen. Telefon: +47 4009 2002. E-post: post@trollveggen.com. www.trollveggen.com.\" \/>\n<meta property=\"og:url\" content=\"https:\/\/trollveggen.com\/de\/kontakt\/\" \/>\n<meta property=\"og:site_name\" content=\"Trollveggen Camping\" \/>\n<meta property=\"article:modified_time\" content=\"2019-01-18T10:05:50+00:00\" \/>\n<meta property=\"og:image\" content=\"https:\/\/trollveggen.com\/wp-content\/uploads\/2018\/05\/K0H4686.jpg\" \/>\n\t<meta property=\"og:image:width\" content=\"1800\" \/>\n\t<meta property=\"og:image:height\" content=\"1200\" \/>\n\t<meta property=\"og:image:type\" content=\"image\/jpeg\" \/>\n<meta name=\"twitter:card\" content=\"summary_large_image\" \/>\n<script type=\"application\/ld+json\" class=\"yoast-schema-graph\">{\"@context\":\"https:\\\/\\\/schema.org\",\"@graph\":[{\"@type\":\"WebPage\",\"@id\":\"https:\\\/\\\/trollveggen.com\\\/de\\\/kontakt\\\/\",\"url\":\"https:\\\/\\\/trollveggen.com\\\/de\\\/kontakt\\\/\",\"name\":\"Kontakt - Trollveggen Camping\",\"isPartOf\":{\"@id\":\"https:\\\/\\\/trollveggen.com\\\/#website\"},\"primaryImageOfPage\":{\"@id\":\"https:\\\/\\\/trollveggen.com\\\/de\\\/kontakt\\\/#primaryimage\"},\"image\":{\"@id\":\"https:\\\/\\\/trollveggen.com\\\/de\\\/kontakt\\\/#primaryimage\"},\"thumbnailUrl\":\"https:\\\/\\\/trollveggen.com\\\/wp-content\\\/uploads\\\/2018\\\/05\\\/K0H4686.jpg\",\"datePublished\":\"2019-01-18T09:44:33+00:00\",\"dateModified\":\"2019-01-18T10:05:50+00:00\",\"description\":\"Kontaktieren Sie uns auf Trollveggen Camping, \u00c5ndalsnes, Norwegen. Telefon: +47 4009 2002. E-post: post@trollveggen.com. www.trollveggen.com.\",\"breadcrumb\":{\"@id\":\"https:\\\/\\\/trollveggen.com\\\/de\\\/kontakt\\\/#breadcrumb\"},\"inLanguage\":\"de\",\"potentialAction\":[{\"@type\":\"ReadAction\",\"target\":[\"https:\\\/\\\/trollveggen.com\\\/de\\\/kontakt\\\/\"]}]},{\"@type\":\"ImageObject\",\"inLanguage\":\"de\",\"@id\":\"https:\\\/\\\/trollveggen.com\\\/de\\\/kontakt\\\/#primaryimage\",\"url\":\"https:\\\/\\\/trollveggen.com\\\/wp-content\\\/uploads\\\/2018\\\/05\\\/K0H4686.jpg\",\"contentUrl\":\"https:\\\/\\\/trollveggen.com\\\/wp-content\\\/uploads\\\/2018\\\/05\\\/K0H4686.jpg\",\"width\":1800,\"height\":1200,\"caption\":\"Resepsjonsomr\u00e5det p\u00e5 Trollveggen camping. Kontakt oss gjerne for \u00e5 f\u00e5 svar p\u00e5 det du lurer p\u00e5. | Receptionarea at Trollveggen Camping.\"},{\"@type\":\"BreadcrumbList\",\"@id\":\"https:\\\/\\\/trollveggen.com\\\/de\\\/kontakt\\\/#breadcrumb\",\"itemListElement\":[{\"@type\":\"ListItem\",\"position\":1,\"name\":\"Home\",\"item\":\"https:\\\/\\\/trollveggen.com\\\/de\\\/\"},{\"@type\":\"ListItem\",\"position\":2,\"name\":\"Kontakt\"}]},{\"@type\":\"WebSite\",\"@id\":\"https:\\\/\\\/trollveggen.com\\\/#website\",\"url\":\"https:\\\/\\\/trollveggen.com\\\/\",\"name\":\"Trollveggen Camping\",\"description\":\"\",\"potentialAction\":[{\"@type\":\"SearchAction\",\"target\":{\"@type\":\"EntryPoint\",\"urlTemplate\":\"https:\\\/\\\/trollveggen.com\\\/?s={search_term_string}\"},\"query-input\":{\"@type\":\"PropertyValueSpecification\",\"valueRequired\":true,\"valueName\":\"search_term_string\"}}],\"inLanguage\":\"de\"}]}<\/script>\n<!-- \/ Yoast SEO plugin. -->","yoast_head_json":{"title":"Kontakt - Trollveggen Camping","description":"Kontaktieren Sie uns auf Trollveggen Camping, \u00c5ndalsnes, Norwegen. Telefon: +47 4009 2002. E-post: post@trollveggen.com. www.trollveggen.com.","robots":{"index":"index","follow":"follow","max-snippet":"max-snippet:-1","max-image-preview":"max-image-preview:large","max-video-preview":"max-video-preview:-1"},"canonical":"https:\/\/trollveggen.com\/de\/kontakt\/","og_locale":"de_DE","og_type":"article","og_title":"Kontakt - Trollveggen Camping","og_description":"Kontaktieren Sie uns auf Trollveggen Camping, \u00c5ndalsnes, Norwegen. Telefon: +47 4009 2002. E-post: post@trollveggen.com. www.trollveggen.com.","og_url":"https:\/\/trollveggen.com\/de\/kontakt\/","og_site_name":"Trollveggen Camping","article_modified_time":"2019-01-18T10:05:50+00:00","og_image":[{"width":1800,"height":1200,"url":"https:\/\/trollveggen.com\/wp-content\/uploads\/2018\/05\/K0H4686.jpg","type":"image\/jpeg"}],"twitter_card":"summary_large_image","schema":{"@context":"https:\/\/schema.org","@graph":[{"@type":"WebPage","@id":"https:\/\/trollveggen.com\/de\/kontakt\/","url":"https:\/\/trollveggen.com\/de\/kontakt\/","name":"Kontakt - Trollveggen Camping","isPartOf":{"@id":"https:\/\/trollveggen.com\/#website"},"primaryImageOfPage":{"@id":"https:\/\/trollveggen.com\/de\/kontakt\/#primaryimage"},"image":{"@id":"https:\/\/trollveggen.com\/de\/kontakt\/#primaryimage"},"thumbnailUrl":"https:\/\/trollveggen.com\/wp-content\/uploads\/2018\/05\/K0H4686.jpg","datePublished":"2019-01-18T09:44:33+00:00","dateModified":"2019-01-18T10:05:50+00:00","description":"Kontaktieren Sie uns auf Trollveggen Camping, \u00c5ndalsnes, Norwegen. Telefon: +47 4009 2002. E-post: post@trollveggen.com. www.trollveggen.com.","breadcrumb":{"@id":"https:\/\/trollveggen.com\/de\/kontakt\/#breadcrumb"},"inLanguage":"de","potentialAction":[{"@type":"ReadAction","target":["https:\/\/trollveggen.com\/de\/kontakt\/"]}]},{"@type":"ImageObject","inLanguage":"de","@id":"https:\/\/trollveggen.com\/de\/kontakt\/#primaryimage","url":"https:\/\/trollveggen.com\/wp-content\/uploads\/2018\/05\/K0H4686.jpg","contentUrl":"https:\/\/trollveggen.com\/wp-content\/uploads\/2018\/05\/K0H4686.jpg","width":1800,"height":1200,"caption":"Resepsjonsomr\u00e5det p\u00e5 Trollveggen camping. Kontakt oss gjerne for \u00e5 f\u00e5 svar p\u00e5 det du lurer p\u00e5. | Receptionarea at Trollveggen Camping."},{"@type":"BreadcrumbList","@id":"https:\/\/trollveggen.com\/de\/kontakt\/#breadcrumb","itemListElement":[{"@type":"ListItem","position":1,"name":"Home","item":"https:\/\/trollveggen.com\/de\/"},{"@type":"ListItem","position":2,"name":"Kontakt"}]},{"@type":"WebSite","@id":"https:\/\/trollveggen.com\/#website","url":"https:\/\/trollveggen.com\/","name":"Trollveggen Camping","description":"","potentialAction":[{"@type":"SearchAction","target":{"@type":"EntryPoint","urlTemplate":"https:\/\/trollveggen.com\/?s={search_term_string}"},"query-input":{"@type":"PropertyValueSpecification","valueRequired":true,"valueName":"search_term_string"}}],"inLanguage":"de"}]}},"_links":{"self":[{"href":"https:\/\/trollveggen.com\/de\/wp-json\/wp\/v2\/pages\/464","targetHints":{"allow":["GET"]}}],"collection":[{"href":"https:\/\/trollveggen.com\/de\/wp-json\/wp\/v2\/pages"}],"about":[{"href":"https:\/\/trollveggen.com\/de\/wp-json\/wp\/v2\/types\/page"}],"author":[{"embeddable":true,"href":"https:\/\/trollveggen.com\/de\/wp-json\/wp\/v2\/users\/5"}],"replies":[{"embeddable":true,"href":"https:\/\/trollveggen.com\/de\/wp-json\/wp\/v2\/comments?post=464"}],"version-history":[{"count":3,"href":"https:\/\/trollveggen.com\/de\/wp-json\/wp\/v2\/pages\/464\/revisions"}],"predecessor-version":[{"id":467,"href":"https:\/\/trollveggen.com\/de\/wp-json\/wp\/v2\/pages\/464\/revisions\/467"}],"wp:featuredmedia":[{"embeddable":true,"href":"https:\/\/trollveggen.com\/de\/wp-json\/wp\/v2\/media\/463"}],"wp:attachment":[{"href":"https:\/\/trollveggen.com\/de\/wp-json\/wp\/v2\/media?parent=464"}],"curies":[{"name":"wp","href":"https:\/\/api.w.org\/{rel}","templated":true}]}}