{"id":470,"date":"2019-01-18T10:13:57","date_gmt":"2019-01-18T10:13:57","guid":{"rendered":"https:\/\/trollveggen.com\/?page_id=470"},"modified":"2019-01-18T11:47:46","modified_gmt":"2019-01-18T11:47:46","slug":"willkommen","status":"publish","type":"page","link":"https:\/\/trollveggen.com\/de\/willkommen\/","title":{"rendered":"\u00fcber uns"},"content":{"rendered":"<p>Hier in Romsdalen, inmitten der wildesten Bergwelt Norwegens, haben wir 1993 mit gro\u00dfer Erwartung unseren Campingplatz er\u00f6ffnet. Mit dem ber\u00fchmten Trollveggen (\u201eTrollwand\u201c), Europas gr\u00f6\u00dfter senkrechter Felswand, auf der einen Seite und dem majest\u00e4tischen Romsdalshorn auf der anderen Seite bietet der Campingplatz ein beeindruckendes Naturerlebnis. Er befindet sich nur wenige Minuten \u00fcber die E136 von \u00c5ndalsnes, \u201eAlpebyen ved fjorden\u201d, entfernt.<\/p>\n<p>In kurzer Entfernung liegen wichtige Sehensw\u00fcrdigkeiten wie Trollstigen, Romsdalseggen, die Atlantikstra\u00dfe, der Mardalsfossen-Wasserfall und viele mehr. Der Rauma-Fluss flie\u00dft direkt vorbei und viele waren beeindruckt, als sie den Wanderweg bestiegen, der am Campingplatz beginnt und dem Fluss entlang dem Eiafossen-Wasserfall folgt. Ein eindrucksvoller Blick auf die unber\u00fchrte Natur, in deren Mitte der Trollveggen liegt.<\/p>\n<p>Bei der Planung und Errichtung von Trollveggen Camping war es uns wichtig, einen idyllischen und gem\u00fctlichen Campingplatz mit zug\u00e4nglichen H\u00fctten und Stellpl\u00e4tzen zu schaffen, der eine sch\u00f6ne Kulisse durch die Natur und W\u00e4lder bietet. Aufgrund der positiven R\u00fcckmeldungen, die wir in all den Jahren seit Er\u00f6ffnung des Campingplatzes bekommen haben, glauben wir nun, es richtig gemacht zu haben. Unsere G\u00e4ste sind gern hier!<\/p>\n<p>Wir haben das Gl\u00fcck, den Platz das ganze Jahr lang zu betreiben, zusammen mit unseren tollen Empfangs- und Reinigungskr\u00e4ften. Viele nette G\u00e4ste aus dem In- und Ausland haben uns besucht.<\/p>\n<p>Einige der Bewertungen, die wir bekommen haben:<\/p>\n<p>\u2013 VG: \u201eEiner der sch\u00f6nsten Campingl\u00e4tze im Westen Norwegens\u201c<br \/>\n\u2013 Campisternes Reiseportal: \u201eDer Campingplatz mit dem besten Service im Jahr 2013\u201c<br \/>\n\u2013 ADAC: \u201eEin hervorragender Campingplatz\u201c<br \/>\n\u2013 ANWB: \u201eErkende Camping\u201c<br \/>\n\u2013 Tripadvisor: 4,5 von 5<br \/>\n\u2013 Google: 4,8 von 5<\/p>\n<p>Wir geben stets unser Bestes, um den Aufenthalt f\u00fcr unsere G\u00e4ste so angenehm wie m\u00f6glich zu machen.<\/p>\n<p><strong>Willkommen!<\/strong><\/p>\n","protected":false},"excerpt":{"rendered":"<p>Hier in Romsdalen, inmitten der wildesten Bergwelt Norwegens, haben wir 1993 mit gro\u00dfer Erwartung unseren Campingplatz er\u00f6ffnet. Mit dem ber\u00fchmten Trollveggen (\u201eTrollwand\u201c), Europas gr\u00f6\u00dfter senkrechter Felswand, auf der einen Seite und dem majest\u00e4tischen Romsdalshorn auf der anderen Seite bietet der Campingplatz ein beeindruckendes Naturerlebnis. Er befindet sich nur wenige Minuten \u00fcber die E136 von \u00c5ndalsnes, &hellip;<\/p>\n","protected":false},"author":5,"featured_media":471,"parent":0,"menu_order":0,"comment_status":"closed","ping_status":"closed","template":"","meta":{"_acf_changed":false,"footnotes":""},"class_list":["post-470","page","type-page","status-publish","has-post-thumbnail","hentry"],"acf":[],"yoast_head":"<!-- This site is optimized with the Yoast SEO plugin v27.4 - https:\/\/yoast.com\/product\/yoast-seo-wordpress\/ -->\n<title>\u00fcber uns - Trollveggen Camping<\/title>\n<meta name=\"description\" content=\"Hier in Romsdalen, inmitten der wildesten Bergwelt Norwegens, haben wir 1993 mit gro\u00dfer Erwartung unseren Campingplatz er\u00f6ffnet.\" \/>\n<meta name=\"robots\" content=\"index, follow, max-snippet:-1, max-image-preview:large, max-video-preview:-1\" \/>\n<link rel=\"canonical\" href=\"https:\/\/trollveggen.com\/de\/willkommen\/\" \/>\n<meta property=\"og:locale\" content=\"de_DE\" \/>\n<meta property=\"og:type\" content=\"article\" \/>\n<meta property=\"og:title\" content=\"\u00fcber uns - Trollveggen Camping\" \/>\n<meta property=\"og:description\" content=\"Hier in Romsdalen, inmitten der wildesten Bergwelt Norwegens, haben wir 1993 mit gro\u00dfer Erwartung unseren Campingplatz er\u00f6ffnet.\" \/>\n<meta property=\"og:url\" content=\"https:\/\/trollveggen.com\/de\/willkommen\/\" \/>\n<meta property=\"og:site_name\" content=\"Trollveggen Camping\" \/>\n<meta property=\"article:modified_time\" content=\"2019-01-18T11:47:46+00:00\" \/>\n<meta property=\"og:image\" content=\"https:\/\/trollveggen.com\/wp-content\/uploads\/2018\/05\/VGPS-Innovasjon-Norge-TrollveggenIMG_2309-e1527592004908.jpg\" \/>\n\t<meta property=\"og:image:width\" content=\"1335\" \/>\n\t<meta property=\"og:image:height\" content=\"990\" \/>\n\t<meta property=\"og:image:type\" content=\"image\/jpeg\" \/>\n<meta name=\"twitter:card\" content=\"summary_large_image\" \/>\n<meta name=\"twitter:label1\" content=\"Gesch\u00e4tzte Lesezeit\" \/>\n\t<meta name=\"twitter:data1\" content=\"1\u00a0Minute\" \/>\n<script type=\"application\/ld+json\" class=\"yoast-schema-graph\">{\"@context\":\"https:\\\/\\\/schema.org\",\"@graph\":[{\"@type\":\"WebPage\",\"@id\":\"https:\\\/\\\/trollveggen.com\\\/de\\\/willkommen\\\/\",\"url\":\"https:\\\/\\\/trollveggen.com\\\/de\\\/willkommen\\\/\",\"name\":\"\u00fcber uns - Trollveggen Camping\",\"isPartOf\":{\"@id\":\"https:\\\/\\\/trollveggen.com\\\/#website\"},\"primaryImageOfPage\":{\"@id\":\"https:\\\/\\\/trollveggen.com\\\/de\\\/willkommen\\\/#primaryimage\"},\"image\":{\"@id\":\"https:\\\/\\\/trollveggen.com\\\/de\\\/willkommen\\\/#primaryimage\"},\"thumbnailUrl\":\"https:\\\/\\\/trollveggen.com\\\/wp-content\\\/uploads\\\/2018\\\/05\\\/VGPS-Innovasjon-Norge-TrollveggenIMG_2309-e1527592004908.jpg\",\"datePublished\":\"2019-01-18T10:13:57+00:00\",\"dateModified\":\"2019-01-18T11:47:46+00:00\",\"description\":\"Hier in Romsdalen, inmitten der wildesten Bergwelt Norwegens, haben wir 1993 mit gro\u00dfer Erwartung unseren Campingplatz er\u00f6ffnet.\",\"breadcrumb\":{\"@id\":\"https:\\\/\\\/trollveggen.com\\\/de\\\/willkommen\\\/#breadcrumb\"},\"inLanguage\":\"de\",\"potentialAction\":[{\"@type\":\"ReadAction\",\"target\":[\"https:\\\/\\\/trollveggen.com\\\/de\\\/willkommen\\\/\"]}]},{\"@type\":\"ImageObject\",\"inLanguage\":\"de\",\"@id\":\"https:\\\/\\\/trollveggen.com\\\/de\\\/willkommen\\\/#primaryimage\",\"url\":\"https:\\\/\\\/trollveggen.com\\\/wp-content\\\/uploads\\\/2018\\\/05\\\/VGPS-Innovasjon-Norge-TrollveggenIMG_2309-e1527592004908.jpg\",\"contentUrl\":\"https:\\\/\\\/trollveggen.com\\\/wp-content\\\/uploads\\\/2018\\\/05\\\/VGPS-Innovasjon-Norge-TrollveggenIMG_2309-e1527592004908.jpg\",\"width\":1335,\"height\":990,\"caption\":\"Foto: Felicia Alvsing.\"},{\"@type\":\"BreadcrumbList\",\"@id\":\"https:\\\/\\\/trollveggen.com\\\/de\\\/willkommen\\\/#breadcrumb\",\"itemListElement\":[{\"@type\":\"ListItem\",\"position\":1,\"name\":\"Home\",\"item\":\"https:\\\/\\\/trollveggen.com\\\/de\\\/\"},{\"@type\":\"ListItem\",\"position\":2,\"name\":\"\u00fcber uns\"}]},{\"@type\":\"WebSite\",\"@id\":\"https:\\\/\\\/trollveggen.com\\\/#website\",\"url\":\"https:\\\/\\\/trollveggen.com\\\/\",\"name\":\"Trollveggen Camping\",\"description\":\"\",\"potentialAction\":[{\"@type\":\"SearchAction\",\"target\":{\"@type\":\"EntryPoint\",\"urlTemplate\":\"https:\\\/\\\/trollveggen.com\\\/?s={search_term_string}\"},\"query-input\":{\"@type\":\"PropertyValueSpecification\",\"valueRequired\":true,\"valueName\":\"search_term_string\"}}],\"inLanguage\":\"de\"}]}<\/script>\n<!-- \/ Yoast SEO plugin. -->","yoast_head_json":{"title":"\u00fcber uns - Trollveggen Camping","description":"Hier in Romsdalen, inmitten der wildesten Bergwelt Norwegens, haben wir 1993 mit gro\u00dfer Erwartung unseren Campingplatz er\u00f6ffnet.","robots":{"index":"index","follow":"follow","max-snippet":"max-snippet:-1","max-image-preview":"max-image-preview:large","max-video-preview":"max-video-preview:-1"},"canonical":"https:\/\/trollveggen.com\/de\/willkommen\/","og_locale":"de_DE","og_type":"article","og_title":"\u00fcber uns - Trollveggen Camping","og_description":"Hier in Romsdalen, inmitten der wildesten Bergwelt Norwegens, haben wir 1993 mit gro\u00dfer Erwartung unseren Campingplatz er\u00f6ffnet.","og_url":"https:\/\/trollveggen.com\/de\/willkommen\/","og_site_name":"Trollveggen Camping","article_modified_time":"2019-01-18T11:47:46+00:00","og_image":[{"width":1335,"height":990,"url":"https:\/\/trollveggen.com\/wp-content\/uploads\/2018\/05\/VGPS-Innovasjon-Norge-TrollveggenIMG_2309-e1527592004908.jpg","type":"image\/jpeg"}],"twitter_card":"summary_large_image","twitter_misc":{"Gesch\u00e4tzte Lesezeit":"1\u00a0Minute"},"schema":{"@context":"https:\/\/schema.org","@graph":[{"@type":"WebPage","@id":"https:\/\/trollveggen.com\/de\/willkommen\/","url":"https:\/\/trollveggen.com\/de\/willkommen\/","name":"\u00fcber uns - Trollveggen Camping","isPartOf":{"@id":"https:\/\/trollveggen.com\/#website"},"primaryImageOfPage":{"@id":"https:\/\/trollveggen.com\/de\/willkommen\/#primaryimage"},"image":{"@id":"https:\/\/trollveggen.com\/de\/willkommen\/#primaryimage"},"thumbnailUrl":"https:\/\/trollveggen.com\/wp-content\/uploads\/2018\/05\/VGPS-Innovasjon-Norge-TrollveggenIMG_2309-e1527592004908.jpg","datePublished":"2019-01-18T10:13:57+00:00","dateModified":"2019-01-18T11:47:46+00:00","description":"Hier in Romsdalen, inmitten der wildesten Bergwelt Norwegens, haben wir 1993 mit gro\u00dfer Erwartung unseren Campingplatz er\u00f6ffnet.","breadcrumb":{"@id":"https:\/\/trollveggen.com\/de\/willkommen\/#breadcrumb"},"inLanguage":"de","potentialAction":[{"@type":"ReadAction","target":["https:\/\/trollveggen.com\/de\/willkommen\/"]}]},{"@type":"ImageObject","inLanguage":"de","@id":"https:\/\/trollveggen.com\/de\/willkommen\/#primaryimage","url":"https:\/\/trollveggen.com\/wp-content\/uploads\/2018\/05\/VGPS-Innovasjon-Norge-TrollveggenIMG_2309-e1527592004908.jpg","contentUrl":"https:\/\/trollveggen.com\/wp-content\/uploads\/2018\/05\/VGPS-Innovasjon-Norge-TrollveggenIMG_2309-e1527592004908.jpg","width":1335,"height":990,"caption":"Foto: Felicia Alvsing."},{"@type":"BreadcrumbList","@id":"https:\/\/trollveggen.com\/de\/willkommen\/#breadcrumb","itemListElement":[{"@type":"ListItem","position":1,"name":"Home","item":"https:\/\/trollveggen.com\/de\/"},{"@type":"ListItem","position":2,"name":"\u00fcber uns"}]},{"@type":"WebSite","@id":"https:\/\/trollveggen.com\/#website","url":"https:\/\/trollveggen.com\/","name":"Trollveggen Camping","description":"","potentialAction":[{"@type":"SearchAction","target":{"@type":"EntryPoint","urlTemplate":"https:\/\/trollveggen.com\/?s={search_term_string}"},"query-input":{"@type":"PropertyValueSpecification","valueRequired":true,"valueName":"search_term_string"}}],"inLanguage":"de"}]}},"_links":{"self":[{"href":"https:\/\/trollveggen.com\/de\/wp-json\/wp\/v2\/pages\/470","targetHints":{"allow":["GET"]}}],"collection":[{"href":"https:\/\/trollveggen.com\/de\/wp-json\/wp\/v2\/pages"}],"about":[{"href":"https:\/\/trollveggen.com\/de\/wp-json\/wp\/v2\/types\/page"}],"author":[{"embeddable":true,"href":"https:\/\/trollveggen.com\/de\/wp-json\/wp\/v2\/users\/5"}],"replies":[{"embeddable":true,"href":"https:\/\/trollveggen.com\/de\/wp-json\/wp\/v2\/comments?post=470"}],"version-history":[{"count":4,"href":"https:\/\/trollveggen.com\/de\/wp-json\/wp\/v2\/pages\/470\/revisions"}],"predecessor-version":[{"id":475,"href":"https:\/\/trollveggen.com\/de\/wp-json\/wp\/v2\/pages\/470\/revisions\/475"}],"wp:featuredmedia":[{"embeddable":true,"href":"https:\/\/trollveggen.com\/de\/wp-json\/wp\/v2\/media\/471"}],"wp:attachment":[{"href":"https:\/\/trollveggen.com\/de\/wp-json\/wp\/v2\/media?parent=470"}],"curies":[{"name":"wp","href":"https:\/\/api.w.org\/{rel}","templated":true}]}}