{"id":476,"date":"2019-01-18T11:50:19","date_gmt":"2019-01-18T11:50:19","guid":{"rendered":"https:\/\/trollveggen.com\/?page_id=476"},"modified":"2025-06-11T10:00:59","modified_gmt":"2025-06-11T08:00:59","slug":"aktivitaeten","status":"publish","type":"page","link":"https:\/\/trollveggen.com\/de\/aktivitaeten\/","title":{"rendered":"Aktivit\u00e4ten"},"content":{"rendered":"<p class=\"intro\"><\/p>\n<p><strong>Willkommen zu einem einzigartigen Naturerlebnis in einem der unber\u00fchrtesten und atemberaubendsten Gebiete Norwegens: Romsdalen.<\/strong><\/p>\n<p><\/p>\n<p>Romsdalen bietet zahlreiche Aktivit\u00e4ten und Sehensw\u00fcrdigkeiten, die Sie bei Ihrem Besuch einfach selbst erleben m\u00fcssen. Unser Gastgeber ist mit der Gegend bestens vertraut, kann den Kontakt zu Reisef\u00fchrern herstellen und Ihnen viele wichtige Informationen geben. Willkommen!<\/p>\n","protected":false},"excerpt":{"rendered":"<p>Romsdalen bietet zahlreiche Aktivit\u00e4ten und Sehensw\u00fcrdigkeiten, die Sie bei Ihrem Besuch einfach selbst erleben m\u00fcssen. Unser Gastgeber ist mit der Gegend bestens vertraut, kann den Kontakt zu Reisef\u00fchrern herstellen und Ihnen viele wichtige Informationen geben. Willkommen!<\/p>\n","protected":false},"author":5,"featured_media":429,"parent":0,"menu_order":0,"comment_status":"closed","ping_status":"closed","template":"views\/template-aktiviteter.blade.php","meta":{"_acf_changed":false,"footnotes":""},"class_list":["post-476","page","type-page","status-publish","has-post-thumbnail","hentry"],"acf":[],"yoast_head":"<!-- This site is optimized with the Yoast SEO plugin v27.4 - https:\/\/yoast.com\/product\/yoast-seo-wordpress\/ -->\n<title>Aktivit\u00e4ten - Trollveggen Camping<\/title>\n<meta name=\"description\" content=\"Willkommen zu einem einzigartigen Naturerlebnis in einem der unber\u00fchrtesten und atemberaubendsten Gebiete Norwegens: Romsdalen.\" \/>\n<meta name=\"robots\" content=\"index, follow, max-snippet:-1, max-image-preview:large, max-video-preview:-1\" \/>\n<link rel=\"canonical\" href=\"https:\/\/trollveggen.com\/de\/aktivitaeten\/\" \/>\n<meta property=\"og:locale\" content=\"de_DE\" \/>\n<meta property=\"og:type\" content=\"article\" \/>\n<meta property=\"og:title\" content=\"Aktivit\u00e4ten - Trollveggen Camping\" \/>\n<meta property=\"og:description\" content=\"Willkommen zu einem einzigartigen Naturerlebnis in einem der unber\u00fchrtesten und atemberaubendsten Gebiete Norwegens: Romsdalen.\" \/>\n<meta property=\"og:url\" content=\"https:\/\/trollveggen.com\/de\/aktivitaeten\/\" \/>\n<meta property=\"og:site_name\" content=\"Trollveggen Camping\" \/>\n<meta property=\"article:modified_time\" content=\"2025-06-11T08:00:59+00:00\" \/>\n<meta property=\"og:image\" content=\"https:\/\/trollveggen.com\/wp-content\/uploads\/2018\/04\/activ.jpg\" \/>\n\t<meta property=\"og:image:width\" content=\"1920\" \/>\n\t<meta property=\"og:image:height\" content=\"1139\" \/>\n\t<meta property=\"og:image:type\" content=\"image\/jpeg\" \/>\n<meta name=\"twitter:card\" content=\"summary_large_image\" \/>\n<meta name=\"twitter:label1\" content=\"Gesch\u00e4tzte Lesezeit\" \/>\n\t<meta name=\"twitter:data1\" content=\"1\u00a0Minute\" \/>\n<script type=\"application\/ld+json\" class=\"yoast-schema-graph\">{\"@context\":\"https:\\\/\\\/schema.org\",\"@graph\":[{\"@type\":\"WebPage\",\"@id\":\"https:\\\/\\\/trollveggen.com\\\/de\\\/aktivitaeten\\\/\",\"url\":\"https:\\\/\\\/trollveggen.com\\\/de\\\/aktivitaeten\\\/\",\"name\":\"Aktivit\u00e4ten - Trollveggen Camping\",\"isPartOf\":{\"@id\":\"https:\\\/\\\/trollveggen.com\\\/#website\"},\"primaryImageOfPage\":{\"@id\":\"https:\\\/\\\/trollveggen.com\\\/de\\\/aktivitaeten\\\/#primaryimage\"},\"image\":{\"@id\":\"https:\\\/\\\/trollveggen.com\\\/de\\\/aktivitaeten\\\/#primaryimage\"},\"thumbnailUrl\":\"https:\\\/\\\/trollveggen.com\\\/wp-content\\\/uploads\\\/2018\\\/04\\\/activ.jpg\",\"datePublished\":\"2019-01-18T11:50:19+00:00\",\"dateModified\":\"2025-06-11T08:00:59+00:00\",\"description\":\"Willkommen zu einem einzigartigen Naturerlebnis in einem der unber\u00fchrtesten und atemberaubendsten Gebiete Norwegens: Romsdalen.\",\"breadcrumb\":{\"@id\":\"https:\\\/\\\/trollveggen.com\\\/de\\\/aktivitaeten\\\/#breadcrumb\"},\"inLanguage\":\"de\",\"potentialAction\":[{\"@type\":\"ReadAction\",\"target\":[\"https:\\\/\\\/trollveggen.com\\\/de\\\/aktivitaeten\\\/\"]}]},{\"@type\":\"ImageObject\",\"inLanguage\":\"de\",\"@id\":\"https:\\\/\\\/trollveggen.com\\\/de\\\/aktivitaeten\\\/#primaryimage\",\"url\":\"https:\\\/\\\/trollveggen.com\\\/wp-content\\\/uploads\\\/2018\\\/04\\\/activ.jpg\",\"contentUrl\":\"https:\\\/\\\/trollveggen.com\\\/wp-content\\\/uploads\\\/2018\\\/04\\\/activ.jpg\",\"width\":1920,\"height\":1139,\"caption\":\"Romsdalseggen\"},{\"@type\":\"BreadcrumbList\",\"@id\":\"https:\\\/\\\/trollveggen.com\\\/de\\\/aktivitaeten\\\/#breadcrumb\",\"itemListElement\":[{\"@type\":\"ListItem\",\"position\":1,\"name\":\"Home\",\"item\":\"https:\\\/\\\/trollveggen.com\\\/de\\\/\"},{\"@type\":\"ListItem\",\"position\":2,\"name\":\"Aktivit\u00e4ten\"}]},{\"@type\":\"WebSite\",\"@id\":\"https:\\\/\\\/trollveggen.com\\\/#website\",\"url\":\"https:\\\/\\\/trollveggen.com\\\/\",\"name\":\"Trollveggen Camping\",\"description\":\"\",\"potentialAction\":[{\"@type\":\"SearchAction\",\"target\":{\"@type\":\"EntryPoint\",\"urlTemplate\":\"https:\\\/\\\/trollveggen.com\\\/?s={search_term_string}\"},\"query-input\":{\"@type\":\"PropertyValueSpecification\",\"valueRequired\":true,\"valueName\":\"search_term_string\"}}],\"inLanguage\":\"de\"}]}<\/script>\n<!-- \/ Yoast SEO plugin. -->","yoast_head_json":{"title":"Aktivit\u00e4ten - Trollveggen Camping","description":"Willkommen zu einem einzigartigen Naturerlebnis in einem der unber\u00fchrtesten und atemberaubendsten Gebiete Norwegens: Romsdalen.","robots":{"index":"index","follow":"follow","max-snippet":"max-snippet:-1","max-image-preview":"max-image-preview:large","max-video-preview":"max-video-preview:-1"},"canonical":"https:\/\/trollveggen.com\/de\/aktivitaeten\/","og_locale":"de_DE","og_type":"article","og_title":"Aktivit\u00e4ten - Trollveggen Camping","og_description":"Willkommen zu einem einzigartigen Naturerlebnis in einem der unber\u00fchrtesten und atemberaubendsten Gebiete Norwegens: Romsdalen.","og_url":"https:\/\/trollveggen.com\/de\/aktivitaeten\/","og_site_name":"Trollveggen Camping","article_modified_time":"2025-06-11T08:00:59+00:00","og_image":[{"width":1920,"height":1139,"url":"https:\/\/trollveggen.com\/wp-content\/uploads\/2018\/04\/activ.jpg","type":"image\/jpeg"}],"twitter_card":"summary_large_image","twitter_misc":{"Gesch\u00e4tzte Lesezeit":"1\u00a0Minute"},"schema":{"@context":"https:\/\/schema.org","@graph":[{"@type":"WebPage","@id":"https:\/\/trollveggen.com\/de\/aktivitaeten\/","url":"https:\/\/trollveggen.com\/de\/aktivitaeten\/","name":"Aktivit\u00e4ten - Trollveggen Camping","isPartOf":{"@id":"https:\/\/trollveggen.com\/#website"},"primaryImageOfPage":{"@id":"https:\/\/trollveggen.com\/de\/aktivitaeten\/#primaryimage"},"image":{"@id":"https:\/\/trollveggen.com\/de\/aktivitaeten\/#primaryimage"},"thumbnailUrl":"https:\/\/trollveggen.com\/wp-content\/uploads\/2018\/04\/activ.jpg","datePublished":"2019-01-18T11:50:19+00:00","dateModified":"2025-06-11T08:00:59+00:00","description":"Willkommen zu einem einzigartigen Naturerlebnis in einem der unber\u00fchrtesten und atemberaubendsten Gebiete Norwegens: Romsdalen.","breadcrumb":{"@id":"https:\/\/trollveggen.com\/de\/aktivitaeten\/#breadcrumb"},"inLanguage":"de","potentialAction":[{"@type":"ReadAction","target":["https:\/\/trollveggen.com\/de\/aktivitaeten\/"]}]},{"@type":"ImageObject","inLanguage":"de","@id":"https:\/\/trollveggen.com\/de\/aktivitaeten\/#primaryimage","url":"https:\/\/trollveggen.com\/wp-content\/uploads\/2018\/04\/activ.jpg","contentUrl":"https:\/\/trollveggen.com\/wp-content\/uploads\/2018\/04\/activ.jpg","width":1920,"height":1139,"caption":"Romsdalseggen"},{"@type":"BreadcrumbList","@id":"https:\/\/trollveggen.com\/de\/aktivitaeten\/#breadcrumb","itemListElement":[{"@type":"ListItem","position":1,"name":"Home","item":"https:\/\/trollveggen.com\/de\/"},{"@type":"ListItem","position":2,"name":"Aktivit\u00e4ten"}]},{"@type":"WebSite","@id":"https:\/\/trollveggen.com\/#website","url":"https:\/\/trollveggen.com\/","name":"Trollveggen Camping","description":"","potentialAction":[{"@type":"SearchAction","target":{"@type":"EntryPoint","urlTemplate":"https:\/\/trollveggen.com\/?s={search_term_string}"},"query-input":{"@type":"PropertyValueSpecification","valueRequired":true,"valueName":"search_term_string"}}],"inLanguage":"de"}]}},"_links":{"self":[{"href":"https:\/\/trollveggen.com\/de\/wp-json\/wp\/v2\/pages\/476","targetHints":{"allow":["GET"]}}],"collection":[{"href":"https:\/\/trollveggen.com\/de\/wp-json\/wp\/v2\/pages"}],"about":[{"href":"https:\/\/trollveggen.com\/de\/wp-json\/wp\/v2\/types\/page"}],"author":[{"embeddable":true,"href":"https:\/\/trollveggen.com\/de\/wp-json\/wp\/v2\/users\/5"}],"replies":[{"embeddable":true,"href":"https:\/\/trollveggen.com\/de\/wp-json\/wp\/v2\/comments?post=476"}],"version-history":[{"count":4,"href":"https:\/\/trollveggen.com\/de\/wp-json\/wp\/v2\/pages\/476\/revisions"}],"predecessor-version":[{"id":480,"href":"https:\/\/trollveggen.com\/de\/wp-json\/wp\/v2\/pages\/476\/revisions\/480"}],"wp:featuredmedia":[{"embeddable":true,"href":"https:\/\/trollveggen.com\/de\/wp-json\/wp\/v2\/media\/429"}],"wp:attachment":[{"href":"https:\/\/trollveggen.com\/de\/wp-json\/wp\/v2\/media?parent=476"}],"curies":[{"name":"wp","href":"https:\/\/api.w.org\/{rel}","templated":true}]}}