{"id":481,"date":"2019-01-18T12:00:50","date_gmt":"2019-01-18T12:00:50","guid":{"rendered":"https:\/\/trollveggen.com\/?page_id=481"},"modified":"2024-04-11T12:59:11","modified_gmt":"2024-04-11T12:59:11","slug":"buchung","status":"publish","type":"page","link":"https:\/\/trollveggen.com\/de\/buchung\/","title":{"rendered":"Buchung"},"content":{"rendered":"<p class=\"intro\"><\/p>\n<p><strong>Die H\u00fctten k\u00f6nnen f\u00fcr den Zeitraum vom 09. Mai bis 20. September gebucht werden.<\/strong><\/p>\n<p><\/p>\n<p>Wenn Sie eine H\u00fctte au\u00dferhalb dieses Zeitraums buchen m\u00f6chten, senden Sie uns eine E-Mail an <a href=\"mailto:post@trollveggen.no\">post@trollveggen.no<\/a> oder rufen Sie uns an unter +47 4009 2002.<\/p>\n<p>Wir haben auch Stellpl\u00e4tze f\u00fcr Wohnwagen, Wohnmobile und Zelte markiert. Normalerweise haben wir freie Pl\u00e4tze, aber im Juli k\u00f6nnen alle Stellpl\u00e4tze voll sein. Um einen Platz zu reservieren, bitte kontaktieren Sie uns \u2013 telefonisch (+47 4009 2002), per E-Mail an <a href=\"mailto:post@trollveggen.no\">post@trollveggen.no<\/a> oder gerne \u00fcber <a href=\"https:\/\/www.booking.com\/hotel\/no\/trollveggen-camping.no.html?label=gen173nr-1FCAsoqgFCEnRyb2xsc3RpZ2VuLXJlc29ydEgdWARoqgGIAQGYAR24ARjIAQzYAQHoAQH4AQKIAgGoAgS4ApHutvAFwAIB;sid=c4113deecf73dec84f25e0e6e24a28a3;all_sr_blocks=590746301_231790165_6_0_0;checkin=2020-05-25;checkout=2020-05-26;dest_id=-251206;dest_type=city;dist=0;group_adults=2;group_children=0;hapos=2;highlighted_blocks=590746301_231790165_6_0_0;hpos=2;no_rooms=1;room1=A,A;sb_price_type=total;sr_order=popularity;sr_pri_blocks=590746301_231790165_6_0_0__128000;srepoch=1578039334;srpvid=0c823a137c61002b;type=total;ucfs=1&amp;#_\">booking.com<\/a>. <a href=\"https:\/\/trollveggen.com\/bo\/camping\/\">Hier erfahren Sie mehr \u00fcber die Campingpl\u00e4tze <\/a>.<\/p>\n<p><!--\n<strong><u><a href=\"https:\/\/trollveggen.com\/wp-content\/uploads\/2018\/06\/Terms_Trollveggen.pdf\">Lesen Sie unsere allgemeinen Gesch\u00e4ftsbedingungen<\/a><\/u><\/strong>\n\n\n<div id=\"bokun-w2130_433c1155_1866_4bfd_a779_66784f810ddd\">Loading...<\/div>\n\n\n<script type=\"text\/javascript\">\nvar w2130_433c1155_1866_4bfd_a779_66784f810ddd;\n(function(d, t) {\n  var host = 'widgets.bokun.io';\n  var frameUrl = 'https:\/\/' + host + '\/widgets\/2130?bookingChannelUUID=a758e418-52e8-40fa-a017-5df58c34ab33&amp;accommodationId=205&amp;lang=EN&amp;ccy=NOK&amp;hash=w2130_433c1155_1866_4bfd_a779_66784f810ddd';\n  var s = d.createElement(t), options = {'host': host, 'frameUrl': frameUrl, 'widgetHash':'w2130_433c1155_1866_4bfd_a779_66784f810ddd', 'autoResize':true,'height':'','width':'100%', 'minHeight': 0,'async':true, 'ssl':true, 'affiliateTrackingCode': '' };\n  s.src = 'https:\/\/' + host + '\/assets\/javascripts\/widgets\/embedder.js';\n  s.onload = s.onreadystatechange = function() {\n    var rs = this.readyState; if (rs) if (rs != 'complete') if (rs != 'loaded') return;\n    try { \n      w2130_433c1155_1866_4bfd_a779_66784f810ddd = new BokunWidgetEmbedder(); w2130_433c1155_1866_4bfd_a779_66784f810ddd.initialize(options); w2130_433c1155_1866_4bfd_a779_66784f810ddd.display();\n    } catch (e) {}\n  };\n  var scr = d.getElementsByTagName(t)[0], par = scr.parentNode; par.insertBefore(s, scr);\n})(document, 'script');\n<\/script>\n--><\/p>\n<p><img loading=\"lazy\" decoding=\"async\" class=\"alignnone wp-image-293 \" src=\"https:\/\/trollveggen.com\/wp-content\/uploads\/2018\/11\/rgf_logo_png-300x235.png\" alt=\"\" width=\"99\" height=\"62\" \/><\/p>\n<pre id=\"tw-target-text\" class=\"tw-data-text tw-ta tw-text-medium\" dir=\"ltr\" data-placeholder=\"Oversettelse\" data-fulltext=\"\"><span lang=\"de\">Wir sind Mitglied des <a href=\"https:\/\/reisegarantifondet.no\/\">Garantiefonds f\u00fcr Reisen<\/a>.<\/span><\/pre>\n","protected":false},"excerpt":{"rendered":"<p>Wenn Sie eine H\u00fctte au\u00dferhalb dieses Zeitraums buchen m\u00f6chten, senden Sie uns eine E-Mail an post@trollveggen.no oder rufen Sie uns an unter +47 4009 2002. Wir haben auch Stellpl\u00e4tze f\u00fcr Wohnwagen, Wohnmobile und Zelte markiert. Normalerweise haben wir freie Pl\u00e4tze, aber im Juli k\u00f6nnen alle Stellpl\u00e4tze voll sein. Um einen Platz zu reservieren, bitte kontaktieren &hellip;<\/p>\n","protected":false},"author":5,"featured_media":395,"parent":0,"menu_order":0,"comment_status":"closed","ping_status":"closed","template":"","meta":{"_acf_changed":false,"footnotes":""},"class_list":["post-481","page","type-page","status-publish","has-post-thumbnail","hentry"],"acf":[],"yoast_head":"<!-- This site is optimized with the Yoast SEO plugin v27.3 - https:\/\/yoast.com\/product\/yoast-seo-wordpress\/ -->\n<title>Buchung - Trollveggen Camping<\/title>\n<meta name=\"description\" content=\"Buchen Sie noch heute eine unserer 4-Sterne-H\u00fctten. Neben unseren H\u00fctten, die Sie unten buchen k\u00f6nnen, bieten wir Stellpl\u00e4tze f\u00fcr Wohnwagen, Wohnmobile und Zelte.\" \/>\n<meta name=\"robots\" content=\"index, follow, max-snippet:-1, max-image-preview:large, max-video-preview:-1\" \/>\n<link rel=\"canonical\" href=\"https:\/\/trollveggen.com\/de\/buchung\/\" \/>\n<meta property=\"og:locale\" content=\"de_DE\" \/>\n<meta property=\"og:type\" content=\"article\" \/>\n<meta property=\"og:title\" content=\"Buchung - Trollveggen Camping\" \/>\n<meta property=\"og:description\" content=\"Buchen Sie noch heute eine unserer 4-Sterne-H\u00fctten. Neben unseren H\u00fctten, die Sie unten buchen k\u00f6nnen, bieten wir Stellpl\u00e4tze f\u00fcr Wohnwagen, Wohnmobile und Zelte.\" \/>\n<meta property=\"og:url\" content=\"https:\/\/trollveggen.com\/de\/buchung\/\" \/>\n<meta property=\"og:site_name\" content=\"Trollveggen Camping\" \/>\n<meta property=\"article:modified_time\" content=\"2024-04-11T12:59:11+00:00\" \/>\n<meta property=\"og:image\" content=\"https:\/\/trollveggen.com\/wp-content\/uploads\/2018\/05\/GOPR2606-e1529486150116-1024x632.jpg\" \/>\n\t<meta property=\"og:image:width\" content=\"1024\" \/>\n\t<meta property=\"og:image:height\" content=\"632\" \/>\n\t<meta property=\"og:image:type\" content=\"image\/jpeg\" \/>\n<meta name=\"twitter:card\" content=\"summary_large_image\" \/>\n<meta name=\"twitter:label1\" content=\"Gesch\u00e4tzte Lesezeit\" \/>\n\t<meta name=\"twitter:data1\" content=\"1\u00a0Minute\" \/>\n<script type=\"application\/ld+json\" class=\"yoast-schema-graph\">{\"@context\":\"https:\\\/\\\/schema.org\",\"@graph\":[{\"@type\":\"WebPage\",\"@id\":\"https:\\\/\\\/trollveggen.com\\\/de\\\/buchung\\\/\",\"url\":\"https:\\\/\\\/trollveggen.com\\\/de\\\/buchung\\\/\",\"name\":\"Buchung - Trollveggen Camping\",\"isPartOf\":{\"@id\":\"https:\\\/\\\/trollveggen.com\\\/#website\"},\"primaryImageOfPage\":{\"@id\":\"https:\\\/\\\/trollveggen.com\\\/de\\\/buchung\\\/#primaryimage\"},\"image\":{\"@id\":\"https:\\\/\\\/trollveggen.com\\\/de\\\/buchung\\\/#primaryimage\"},\"thumbnailUrl\":\"https:\\\/\\\/trollveggen.com\\\/wp-content\\\/uploads\\\/2018\\\/05\\\/GOPR2606-e1529486150116.jpg\",\"datePublished\":\"2019-01-18T12:00:50+00:00\",\"dateModified\":\"2024-04-11T12:59:11+00:00\",\"description\":\"Buchen Sie noch heute eine unserer 4-Sterne-H\u00fctten. Neben unseren H\u00fctten, die Sie unten buchen k\u00f6nnen, bieten wir Stellpl\u00e4tze f\u00fcr Wohnwagen, Wohnmobile und Zelte.\",\"breadcrumb\":{\"@id\":\"https:\\\/\\\/trollveggen.com\\\/de\\\/buchung\\\/#breadcrumb\"},\"inLanguage\":\"de\",\"potentialAction\":[{\"@type\":\"ReadAction\",\"target\":[\"https:\\\/\\\/trollveggen.com\\\/de\\\/buchung\\\/\"]}]},{\"@type\":\"ImageObject\",\"inLanguage\":\"de\",\"@id\":\"https:\\\/\\\/trollveggen.com\\\/de\\\/buchung\\\/#primaryimage\",\"url\":\"https:\\\/\\\/trollveggen.com\\\/wp-content\\\/uploads\\\/2018\\\/05\\\/GOPR2606-e1529486150116.jpg\",\"contentUrl\":\"https:\\\/\\\/trollveggen.com\\\/wp-content\\\/uploads\\\/2018\\\/05\\\/GOPR2606-e1529486150116.jpg\",\"width\":4000,\"height\":2470,\"caption\":\"Trollveggen Camping\"},{\"@type\":\"BreadcrumbList\",\"@id\":\"https:\\\/\\\/trollveggen.com\\\/de\\\/buchung\\\/#breadcrumb\",\"itemListElement\":[{\"@type\":\"ListItem\",\"position\":1,\"name\":\"Home\",\"item\":\"https:\\\/\\\/trollveggen.com\\\/de\\\/\"},{\"@type\":\"ListItem\",\"position\":2,\"name\":\"Buchung\"}]},{\"@type\":\"WebSite\",\"@id\":\"https:\\\/\\\/trollveggen.com\\\/#website\",\"url\":\"https:\\\/\\\/trollveggen.com\\\/\",\"name\":\"Trollveggen Camping\",\"description\":\"\",\"potentialAction\":[{\"@type\":\"SearchAction\",\"target\":{\"@type\":\"EntryPoint\",\"urlTemplate\":\"https:\\\/\\\/trollveggen.com\\\/?s={search_term_string}\"},\"query-input\":{\"@type\":\"PropertyValueSpecification\",\"valueRequired\":true,\"valueName\":\"search_term_string\"}}],\"inLanguage\":\"de\"}]}<\/script>\n<!-- \/ Yoast SEO plugin. -->","yoast_head_json":{"title":"Buchung - Trollveggen Camping","description":"Buchen Sie noch heute eine unserer 4-Sterne-H\u00fctten. Neben unseren H\u00fctten, die Sie unten buchen k\u00f6nnen, bieten wir Stellpl\u00e4tze f\u00fcr Wohnwagen, Wohnmobile und Zelte.","robots":{"index":"index","follow":"follow","max-snippet":"max-snippet:-1","max-image-preview":"max-image-preview:large","max-video-preview":"max-video-preview:-1"},"canonical":"https:\/\/trollveggen.com\/de\/buchung\/","og_locale":"de_DE","og_type":"article","og_title":"Buchung - Trollveggen Camping","og_description":"Buchen Sie noch heute eine unserer 4-Sterne-H\u00fctten. Neben unseren H\u00fctten, die Sie unten buchen k\u00f6nnen, bieten wir Stellpl\u00e4tze f\u00fcr Wohnwagen, Wohnmobile und Zelte.","og_url":"https:\/\/trollveggen.com\/de\/buchung\/","og_site_name":"Trollveggen Camping","article_modified_time":"2024-04-11T12:59:11+00:00","og_image":[{"width":1024,"height":632,"url":"https:\/\/trollveggen.com\/wp-content\/uploads\/2018\/05\/GOPR2606-e1529486150116-1024x632.jpg","type":"image\/jpeg"}],"twitter_card":"summary_large_image","twitter_misc":{"Gesch\u00e4tzte Lesezeit":"1\u00a0Minute"},"schema":{"@context":"https:\/\/schema.org","@graph":[{"@type":"WebPage","@id":"https:\/\/trollveggen.com\/de\/buchung\/","url":"https:\/\/trollveggen.com\/de\/buchung\/","name":"Buchung - Trollveggen Camping","isPartOf":{"@id":"https:\/\/trollveggen.com\/#website"},"primaryImageOfPage":{"@id":"https:\/\/trollveggen.com\/de\/buchung\/#primaryimage"},"image":{"@id":"https:\/\/trollveggen.com\/de\/buchung\/#primaryimage"},"thumbnailUrl":"https:\/\/trollveggen.com\/wp-content\/uploads\/2018\/05\/GOPR2606-e1529486150116.jpg","datePublished":"2019-01-18T12:00:50+00:00","dateModified":"2024-04-11T12:59:11+00:00","description":"Buchen Sie noch heute eine unserer 4-Sterne-H\u00fctten. Neben unseren H\u00fctten, die Sie unten buchen k\u00f6nnen, bieten wir Stellpl\u00e4tze f\u00fcr Wohnwagen, Wohnmobile und Zelte.","breadcrumb":{"@id":"https:\/\/trollveggen.com\/de\/buchung\/#breadcrumb"},"inLanguage":"de","potentialAction":[{"@type":"ReadAction","target":["https:\/\/trollveggen.com\/de\/buchung\/"]}]},{"@type":"ImageObject","inLanguage":"de","@id":"https:\/\/trollveggen.com\/de\/buchung\/#primaryimage","url":"https:\/\/trollveggen.com\/wp-content\/uploads\/2018\/05\/GOPR2606-e1529486150116.jpg","contentUrl":"https:\/\/trollveggen.com\/wp-content\/uploads\/2018\/05\/GOPR2606-e1529486150116.jpg","width":4000,"height":2470,"caption":"Trollveggen Camping"},{"@type":"BreadcrumbList","@id":"https:\/\/trollveggen.com\/de\/buchung\/#breadcrumb","itemListElement":[{"@type":"ListItem","position":1,"name":"Home","item":"https:\/\/trollveggen.com\/de\/"},{"@type":"ListItem","position":2,"name":"Buchung"}]},{"@type":"WebSite","@id":"https:\/\/trollveggen.com\/#website","url":"https:\/\/trollveggen.com\/","name":"Trollveggen Camping","description":"","potentialAction":[{"@type":"SearchAction","target":{"@type":"EntryPoint","urlTemplate":"https:\/\/trollveggen.com\/?s={search_term_string}"},"query-input":{"@type":"PropertyValueSpecification","valueRequired":true,"valueName":"search_term_string"}}],"inLanguage":"de"}]}},"_links":{"self":[{"href":"https:\/\/trollveggen.com\/de\/wp-json\/wp\/v2\/pages\/481","targetHints":{"allow":["GET"]}}],"collection":[{"href":"https:\/\/trollveggen.com\/de\/wp-json\/wp\/v2\/pages"}],"about":[{"href":"https:\/\/trollveggen.com\/de\/wp-json\/wp\/v2\/types\/page"}],"author":[{"embeddable":true,"href":"https:\/\/trollveggen.com\/de\/wp-json\/wp\/v2\/users\/5"}],"replies":[{"embeddable":true,"href":"https:\/\/trollveggen.com\/de\/wp-json\/wp\/v2\/comments?post=481"}],"version-history":[{"count":12,"href":"https:\/\/trollveggen.com\/de\/wp-json\/wp\/v2\/pages\/481\/revisions"}],"predecessor-version":[{"id":1064,"href":"https:\/\/trollveggen.com\/de\/wp-json\/wp\/v2\/pages\/481\/revisions\/1064"}],"wp:featuredmedia":[{"embeddable":true,"href":"https:\/\/trollveggen.com\/de\/wp-json\/wp\/v2\/media\/395"}],"wp:attachment":[{"href":"https:\/\/trollveggen.com\/de\/wp-json\/wp\/v2\/media?parent=481"}],"curies":[{"name":"wp","href":"https:\/\/api.w.org\/{rel}","templated":true}]}}