{"id":484,"date":"2019-01-18T12:05:47","date_gmt":"2019-01-18T12:05:47","guid":{"rendered":"https:\/\/trollveggen.com\/?page_id=484"},"modified":"2019-01-22T08:28:11","modified_gmt":"2019-01-22T08:28:11","slug":"willkommen-2","status":"publish","type":"page","link":"https:\/\/trollveggen.com\/de\/","title":{"rendered":"Willkommen"},"content":{"rendered":"<p class=\"intro\"><strong>Zelten unter der imposanten Trollwand<\/strong><\/p>\n<p>Willkommen zu einem einzigen Naturerlebnis auf dem Campingplatz \u201eTrollveggen Camping\u201c. Sie finden uns im wundersch\u00f6nen, unber\u00fchrten Romsdal-Tal, 10 km s\u00fcdlich von \u00c5ndalsnes in einem der naturbelassensten Gebiete Norwegens.<\/p>\n<p>Hier k\u00f6nnen Sie umgeben von der beeindruckenden Natur entspannen und dabei die Aussicht auf den Trollveggen (\u201eTrollwand\u201c), Europas h\u00f6chste senkrechte Felswand mit ihrer H\u00f6he von 1000 m, ihrem 50 m \u00dcberhang und den Trollgipfeln, die fast 1800 m hoch sind, genie\u00dfen. Auf der anderen Seite des Tals befindet sich das majest\u00e4tische Romsdalshorn, das sich auf eine H\u00f6he von 1555 m erhebt. Der Rauma-Fluss mit seinem kraftvollen wei\u00dfen Wasser flie\u00dft direkt am Trollveggen Campingplatz entlang.<\/p>\n<p>Von hier aus haben Sie einen guten Ausgangspunkt f\u00fcr Tagesausfl\u00fcge in die Region. Ganz gleich ob Sie gern in den Bergen wandern oder eine Fahrt nach Trollstigen, Atlanterhavsveien oder zu anderen bekannten Sehensw\u00fcrdigkeiten unternehmen m\u00f6chten: Wir bieten Ihnen die ideale Basis, von der aus Sie zu Ihren Abenteuern aufbrechen k\u00f6nnen.<\/p>\n","protected":false},"excerpt":{"rendered":"<p>Willkommen zu einem einzigen Naturerlebnis auf dem Campingplatz \u201eTrollveggen Camping\u201c. Sie finden uns im wundersch\u00f6nen, unber\u00fchrten Romsdal-Tal, 10 km s\u00fcdlich von \u00c5ndalsnes in einem der naturbelassensten Gebiete Norwegens. Hier k\u00f6nnen Sie umgeben von der beeindruckenden Natur entspannen und dabei die Aussicht auf den Trollveggen (\u201eTrollwand\u201c), Europas h\u00f6chste senkrechte Felswand mit ihrer H\u00f6he von 1000 m, &hellip;<\/p>\n","protected":false},"author":5,"featured_media":355,"parent":0,"menu_order":0,"comment_status":"closed","ping_status":"open","template":"","meta":{"_acf_changed":false,"footnotes":""},"class_list":["post-484","page","type-page","status-publish","has-post-thumbnail","hentry"],"acf":[],"yoast_head":"<!-- This site is optimized with the Yoast SEO plugin v27.5 - https:\/\/yoast.com\/product\/yoast-seo-wordpress\/ -->\n<title>Willkommen - Trollveggen Camping<\/title>\n<meta name=\"description\" content=\"Zelten unter der imposanten Trollwand. Willkommen zu einem einzigen Naturerlebnis auf dem Campingplatz \u201eTrollveggen Camping\u201c.\" \/>\n<meta name=\"robots\" content=\"index, follow, max-snippet:-1, max-image-preview:large, max-video-preview:-1\" \/>\n<link rel=\"canonical\" href=\"https:\/\/trollveggen.com\/de\/\" \/>\n<meta property=\"og:locale\" content=\"de_DE\" \/>\n<meta property=\"og:type\" content=\"article\" \/>\n<meta property=\"og:title\" content=\"Willkommen - Trollveggen Camping\" \/>\n<meta property=\"og:description\" content=\"Zelten unter der imposanten Trollwand. Willkommen zu einem einzigen Naturerlebnis auf dem Campingplatz \u201eTrollveggen Camping\u201c.\" \/>\n<meta property=\"og:url\" content=\"https:\/\/trollveggen.com\/de\/\" \/>\n<meta property=\"og:site_name\" content=\"Trollveggen Camping\" \/>\n<meta property=\"article:modified_time\" content=\"2019-01-22T08:28:11+00:00\" \/>\n<meta property=\"og:image\" content=\"https:\/\/trollveggen.com\/wp-content\/uploads\/2018\/05\/IMG_0026.jpg\" \/>\n\t<meta property=\"og:image:width\" content=\"3239\" \/>\n\t<meta property=\"og:image:height\" content=\"1536\" \/>\n\t<meta property=\"og:image:type\" content=\"image\/jpeg\" \/>\n<meta name=\"twitter:card\" content=\"summary_large_image\" \/>\n<meta name=\"twitter:label1\" content=\"Gesch\u00e4tzte Lesezeit\" \/>\n\t<meta name=\"twitter:data1\" content=\"1\u00a0Minute\" \/>\n<script type=\"application\/ld+json\" class=\"yoast-schema-graph\">{\"@context\":\"https:\\\/\\\/schema.org\",\"@graph\":[{\"@type\":\"WebPage\",\"@id\":\"https:\\\/\\\/trollveggen.com\\\/de\\\/\",\"url\":\"https:\\\/\\\/trollveggen.com\\\/de\\\/\",\"name\":\"Willkommen - Trollveggen Camping\",\"isPartOf\":{\"@id\":\"https:\\\/\\\/trollveggen.com\\\/#website\"},\"primaryImageOfPage\":{\"@id\":\"https:\\\/\\\/trollveggen.com\\\/de\\\/#primaryimage\"},\"image\":{\"@id\":\"https:\\\/\\\/trollveggen.com\\\/de\\\/#primaryimage\"},\"thumbnailUrl\":\"https:\\\/\\\/trollveggen.com\\\/wp-content\\\/uploads\\\/2018\\\/05\\\/IMG_0026.jpg\",\"datePublished\":\"2019-01-18T12:05:47+00:00\",\"dateModified\":\"2019-01-22T08:28:11+00:00\",\"description\":\"Zelten unter der imposanten Trollwand. Willkommen zu einem einzigen Naturerlebnis auf dem Campingplatz \u201eTrollveggen Camping\u201c.\",\"breadcrumb\":{\"@id\":\"https:\\\/\\\/trollveggen.com\\\/de\\\/#breadcrumb\"},\"inLanguage\":\"de\",\"potentialAction\":[{\"@type\":\"ReadAction\",\"target\":[\"https:\\\/\\\/trollveggen.com\\\/de\\\/\"]}]},{\"@type\":\"ImageObject\",\"inLanguage\":\"de\",\"@id\":\"https:\\\/\\\/trollveggen.com\\\/de\\\/#primaryimage\",\"url\":\"https:\\\/\\\/trollveggen.com\\\/wp-content\\\/uploads\\\/2018\\\/05\\\/IMG_0026.jpg\",\"contentUrl\":\"https:\\\/\\\/trollveggen.com\\\/wp-content\\\/uploads\\\/2018\\\/05\\\/IMG_0026.jpg\",\"width\":3239,\"height\":1536,\"caption\":\"Trollveggen camping ved foten av Trollveggen\"},{\"@type\":\"BreadcrumbList\",\"@id\":\"https:\\\/\\\/trollveggen.com\\\/de\\\/#breadcrumb\",\"itemListElement\":[{\"@type\":\"ListItem\",\"position\":1,\"name\":\"Home\",\"item\":\"https:\\\/\\\/trollveggen.com\\\/de\\\/\"},{\"@type\":\"ListItem\",\"position\":2,\"name\":\"Willkommen\"}]},{\"@type\":\"WebSite\",\"@id\":\"https:\\\/\\\/trollveggen.com\\\/#website\",\"url\":\"https:\\\/\\\/trollveggen.com\\\/\",\"name\":\"Trollveggen Camping\",\"description\":\"\",\"potentialAction\":[{\"@type\":\"SearchAction\",\"target\":{\"@type\":\"EntryPoint\",\"urlTemplate\":\"https:\\\/\\\/trollveggen.com\\\/?s={search_term_string}\"},\"query-input\":{\"@type\":\"PropertyValueSpecification\",\"valueRequired\":true,\"valueName\":\"search_term_string\"}}],\"inLanguage\":\"de\"}]}<\/script>\n<!-- \/ Yoast SEO plugin. -->","yoast_head_json":{"title":"Willkommen - Trollveggen Camping","description":"Zelten unter der imposanten Trollwand. Willkommen zu einem einzigen Naturerlebnis auf dem Campingplatz \u201eTrollveggen Camping\u201c.","robots":{"index":"index","follow":"follow","max-snippet":"max-snippet:-1","max-image-preview":"max-image-preview:large","max-video-preview":"max-video-preview:-1"},"canonical":"https:\/\/trollveggen.com\/de\/","og_locale":"de_DE","og_type":"article","og_title":"Willkommen - Trollveggen Camping","og_description":"Zelten unter der imposanten Trollwand. Willkommen zu einem einzigen Naturerlebnis auf dem Campingplatz \u201eTrollveggen Camping\u201c.","og_url":"https:\/\/trollveggen.com\/de\/","og_site_name":"Trollveggen Camping","article_modified_time":"2019-01-22T08:28:11+00:00","og_image":[{"width":3239,"height":1536,"url":"https:\/\/trollveggen.com\/wp-content\/uploads\/2018\/05\/IMG_0026.jpg","type":"image\/jpeg"}],"twitter_card":"summary_large_image","twitter_misc":{"Gesch\u00e4tzte Lesezeit":"1\u00a0Minute"},"schema":{"@context":"https:\/\/schema.org","@graph":[{"@type":"WebPage","@id":"https:\/\/trollveggen.com\/de\/","url":"https:\/\/trollveggen.com\/de\/","name":"Willkommen - Trollveggen Camping","isPartOf":{"@id":"https:\/\/trollveggen.com\/#website"},"primaryImageOfPage":{"@id":"https:\/\/trollveggen.com\/de\/#primaryimage"},"image":{"@id":"https:\/\/trollveggen.com\/de\/#primaryimage"},"thumbnailUrl":"https:\/\/trollveggen.com\/wp-content\/uploads\/2018\/05\/IMG_0026.jpg","datePublished":"2019-01-18T12:05:47+00:00","dateModified":"2019-01-22T08:28:11+00:00","description":"Zelten unter der imposanten Trollwand. Willkommen zu einem einzigen Naturerlebnis auf dem Campingplatz \u201eTrollveggen Camping\u201c.","breadcrumb":{"@id":"https:\/\/trollveggen.com\/de\/#breadcrumb"},"inLanguage":"de","potentialAction":[{"@type":"ReadAction","target":["https:\/\/trollveggen.com\/de\/"]}]},{"@type":"ImageObject","inLanguage":"de","@id":"https:\/\/trollveggen.com\/de\/#primaryimage","url":"https:\/\/trollveggen.com\/wp-content\/uploads\/2018\/05\/IMG_0026.jpg","contentUrl":"https:\/\/trollveggen.com\/wp-content\/uploads\/2018\/05\/IMG_0026.jpg","width":3239,"height":1536,"caption":"Trollveggen camping ved foten av Trollveggen"},{"@type":"BreadcrumbList","@id":"https:\/\/trollveggen.com\/de\/#breadcrumb","itemListElement":[{"@type":"ListItem","position":1,"name":"Home","item":"https:\/\/trollveggen.com\/de\/"},{"@type":"ListItem","position":2,"name":"Willkommen"}]},{"@type":"WebSite","@id":"https:\/\/trollveggen.com\/#website","url":"https:\/\/trollveggen.com\/","name":"Trollveggen Camping","description":"","potentialAction":[{"@type":"SearchAction","target":{"@type":"EntryPoint","urlTemplate":"https:\/\/trollveggen.com\/?s={search_term_string}"},"query-input":{"@type":"PropertyValueSpecification","valueRequired":true,"valueName":"search_term_string"}}],"inLanguage":"de"}]}},"_links":{"self":[{"href":"https:\/\/trollveggen.com\/de\/wp-json\/wp\/v2\/pages\/484","targetHints":{"allow":["GET"]}}],"collection":[{"href":"https:\/\/trollveggen.com\/de\/wp-json\/wp\/v2\/pages"}],"about":[{"href":"https:\/\/trollveggen.com\/de\/wp-json\/wp\/v2\/types\/page"}],"author":[{"embeddable":true,"href":"https:\/\/trollveggen.com\/de\/wp-json\/wp\/v2\/users\/5"}],"replies":[{"embeddable":true,"href":"https:\/\/trollveggen.com\/de\/wp-json\/wp\/v2\/comments?post=484"}],"version-history":[{"count":2,"href":"https:\/\/trollveggen.com\/de\/wp-json\/wp\/v2\/pages\/484\/revisions"}],"predecessor-version":[{"id":608,"href":"https:\/\/trollveggen.com\/de\/wp-json\/wp\/v2\/pages\/484\/revisions\/608"}],"wp:featuredmedia":[{"embeddable":true,"href":"https:\/\/trollveggen.com\/de\/wp-json\/wp\/v2\/media\/355"}],"wp:attachment":[{"href":"https:\/\/trollveggen.com\/de\/wp-json\/wp\/v2\/media?parent=484"}],"curies":[{"name":"wp","href":"https:\/\/api.w.org\/{rel}","templated":true}]}}